{"id":40,"date":"2019-03-15T13:01:09","date_gmt":"2019-03-15T13:01:09","guid":{"rendered":"https:\/\/bluemountyachting.com\/?page_id=29"},"modified":"2025-04-03T16:50:44","modified_gmt":"2025-04-03T16:50:44","slug":"our-fleet","status":"publish","type":"page","link":"https:\/\/bluemountyachting.com\/tr\/our-fleet\/","title":{"rendered":"Filomuz"},"content":{"rendered":"","protected":false},"excerpt":{"rendered":"<p>BlueMontYachting\u2019in geni\u015f filosunu ke\u015ffedin; konfor, performans ve \u015f\u0131kl\u0131k i\u00e7in tasarlanm\u0131\u015f birinci s\u0131n\u0131f yelkenli yatlar ve tekneler sunuyoruz. \u0130ster keyif, macera, ister i\u015f ama\u00e7l\u0131 olsun, \u00f6zenle bak\u0131m\u0131 yap\u0131lan teknelerimizle Akdeniz, Ege ve \u00f6tesinde sorunsuz bir deneyim ya\u015fay\u0131n.<\/p>","protected":false},"author":2,"featured_media":0,"parent":0,"menu_order":0,"comment_status":"open","ping_status":"closed","template":"","meta":{"footnotes":""},"class_list":["post-40","page","type-page","status-publish","hentry"],"_links":{"self":[{"href":"https:\/\/bluemountyachting.com\/tr\/wp-json\/wp\/v2\/pages\/40","targetHints":{"allow":["GET"]}}],"collection":[{"href":"https:\/\/bluemountyachting.com\/tr\/wp-json\/wp\/v2\/pages"}],"about":[{"href":"https:\/\/bluemountyachting.com\/tr\/wp-json\/wp\/v2\/types\/page"}],"author":[{"embeddable":true,"href":"https:\/\/bluemountyachting.com\/tr\/wp-json\/wp\/v2\/users\/2"}],"replies":[{"embeddable":true,"href":"https:\/\/bluemountyachting.com\/tr\/wp-json\/wp\/v2\/comments?post=40"}],"version-history":[{"count":4,"href":"https:\/\/bluemountyachting.com\/tr\/wp-json\/wp\/v2\/pages\/40\/revisions"}],"predecessor-version":[{"id":86,"href":"https:\/\/bluemountyachting.com\/tr\/wp-json\/wp\/v2\/pages\/40\/revisions\/86"}],"wp:attachment":[{"href":"https:\/\/bluemountyachting.com\/tr\/wp-json\/wp\/v2\/media?parent=40"}],"curies":[{"name":"wp","href":"https:\/\/api.w.org\/{rel}","templated":true}]}}