{"id":39,"date":"2019-03-15T13:00:39","date_gmt":"2019-03-15T13:00:39","guid":{"rendered":"https:\/\/bluemountyachting.com\/?page_id=26"},"modified":"2025-03-17T14:05:25","modified_gmt":"2025-03-17T13:05:25","slug":"about-us","status":"publish","type":"page","link":"https:\/\/bluemountyachting.com\/tr\/about-us\/","title":{"rendered":"Hakk\u0131m\u0131zda"},"content":{"rendered":"","protected":false},"excerpt":{"rendered":"<p>BlueMontYachting, yelken ve yat\u00e7\u0131l\u0131k hizmetlerinde uzmanla\u015farak yat kiralama, dan\u0131\u015fmanl\u0131k, al\u0131m-sat\u0131m, bak\u0131m, onar\u0131m ve \u00f6zel in\u015faat hizmetleri sunmaktad\u0131r. Ayr\u0131ca yat sahipleri, merakl\u0131lar\u0131 ve denizcilik i\u015fletmeleri i\u00e7in sorunsuz deneyimler sa\u011flayan uzman personel \u00e7\u00f6z\u00fcmleri de sunuyoruz.<\/p>","protected":false},"author":2,"featured_media":0,"parent":0,"menu_order":0,"comment_status":"open","ping_status":"closed","template":"","meta":{"footnotes":""},"class_list":["post-39","page","type-page","status-publish","hentry"],"_links":{"self":[{"href":"https:\/\/bluemountyachting.com\/tr\/wp-json\/wp\/v2\/pages\/39","targetHints":{"allow":["GET"]}}],"collection":[{"href":"https:\/\/bluemountyachting.com\/tr\/wp-json\/wp\/v2\/pages"}],"about":[{"href":"https:\/\/bluemountyachting.com\/tr\/wp-json\/wp\/v2\/types\/page"}],"author":[{"embeddable":true,"href":"https:\/\/bluemountyachting.com\/tr\/wp-json\/wp\/v2\/users\/2"}],"replies":[{"embeddable":true,"href":"https:\/\/bluemountyachting.com\/tr\/wp-json\/wp\/v2\/comments?post=39"}],"version-history":[{"count":4,"href":"https:\/\/bluemountyachting.com\/tr\/wp-json\/wp\/v2\/pages\/39\/revisions"}],"predecessor-version":[{"id":243,"href":"https:\/\/bluemountyachting.com\/tr\/wp-json\/wp\/v2\/pages\/39\/revisions\/243"}],"wp:attachment":[{"href":"https:\/\/bluemountyachting.com\/tr\/wp-json\/wp\/v2\/media?parent=39"}],"curies":[{"name":"wp","href":"https:\/\/api.w.org\/{rel}","templated":true}]}}