{"id":33,"date":"2019-03-15T13:02:15","date_gmt":"2019-03-15T13:02:15","guid":{"rendered":"https:\/\/bluemountyachting.com\/?page_id=33"},"modified":"2025-03-13T16:52:45","modified_gmt":"2025-03-13T16:52:45","slug":"contact","status":"publish","type":"page","link":"https:\/\/bluemountyachting.com\/tr\/contact\/","title":{"rendered":"\u0130leti\u015fim"},"content":{"rendered":"","protected":false},"excerpt":{"rendered":"<p>BlueMontYachting ile ileti\u015fime ge\u00e7erek t\u00fcm yelken, yat kiralama, dan\u0131\u015fmanl\u0131k ve bak\u0131m ihtiya\u00e7lar\u0131n\u0131z\u0131 kar\u015f\u0131layabilirsiniz. Sorular\u0131n\u0131z veya \u00f6zel \u00e7\u00f6z\u00fcmleriniz i\u00e7in ekibimiz her zaman yan\u0131n\u0131zda. Bug\u00fcn bizimle ileti\u015fime ge\u00e7in, denizcilik yolculu\u011funuzu kolayl\u0131k ve uzmanl\u0131kla y\u00f6netmenize yard\u0131mc\u0131 olal\u0131m.<\/p>","protected":false},"author":2,"featured_media":0,"parent":0,"menu_order":0,"comment_status":"open","ping_status":"closed","template":"","meta":{"footnotes":""},"class_list":["post-33","page","type-page","status-publish","hentry"],"_links":{"self":[{"href":"https:\/\/bluemountyachting.com\/tr\/wp-json\/wp\/v2\/pages\/33","targetHints":{"allow":["GET"]}}],"collection":[{"href":"https:\/\/bluemountyachting.com\/tr\/wp-json\/wp\/v2\/pages"}],"about":[{"href":"https:\/\/bluemountyachting.com\/tr\/wp-json\/wp\/v2\/types\/page"}],"author":[{"embeddable":true,"href":"https:\/\/bluemountyachting.com\/tr\/wp-json\/wp\/v2\/users\/2"}],"replies":[{"embeddable":true,"href":"https:\/\/bluemountyachting.com\/tr\/wp-json\/wp\/v2\/comments?post=33"}],"version-history":[{"count":2,"href":"https:\/\/bluemountyachting.com\/tr\/wp-json\/wp\/v2\/pages\/33\/revisions"}],"predecessor-version":[{"id":87,"href":"https:\/\/bluemountyachting.com\/tr\/wp-json\/wp\/v2\/pages\/33\/revisions\/87"}],"wp:attachment":[{"href":"https:\/\/bluemountyachting.com\/tr\/wp-json\/wp\/v2\/media?parent=33"}],"curies":[{"name":"wp","href":"https:\/\/api.w.org\/{rel}","templated":true}]}}