{"id":2,"date":"2019-03-01T14:50:11","date_gmt":"2019-03-01T14:50:11","guid":{"rendered":"https:\/\/bluemountyachting.com\/?page_id=2"},"modified":"2026-01-22T15:36:55","modified_gmt":"2026-01-22T15:36:55","slug":"home","status":"publish","type":"page","link":"https:\/\/bluemountyachting.com\/tr\/","title":{"rendered":"Anasayfa"},"content":{"rendered":"","protected":false},"excerpt":{"rendered":"<p>BlueMountYachting'e ho\u015f geldiniz; yelken maceralar\u0131, yat kiralama, dan\u0131\u015fmanl\u0131k, al\u0131m-sat\u0131m, bak\u0131m ve personel \u00e7\u00f6z\u00fcmleri i\u00e7in g\u00fcvenilir orta\u011f\u0131n\u0131z. Premium hizmetlerimizle Akdeniz ve \u00f6tesini ke\u015ffedin. T\u00fcm denizcilik ihtiya\u00e7lar\u0131n\u0131z\u0131 kar\u015f\u0131lamak i\u00e7in tasarlanm\u0131\u015f hizmetlerimizle unutulmaz bir yolculuk ya\u015faman\u0131z\u0131 sa\u011flayal\u0131m!<\/p>","protected":false},"author":2,"featured_media":0,"parent":0,"menu_order":0,"comment_status":"open","ping_status":"open","template":"","meta":{"footnotes":""},"class_list":["post-2","page","type-page","status-publish","hentry"],"_links":{"self":[{"href":"https:\/\/bluemountyachting.com\/tr\/wp-json\/wp\/v2\/pages\/2","targetHints":{"allow":["GET"]}}],"collection":[{"href":"https:\/\/bluemountyachting.com\/tr\/wp-json\/wp\/v2\/pages"}],"about":[{"href":"https:\/\/bluemountyachting.com\/tr\/wp-json\/wp\/v2\/types\/page"}],"author":[{"embeddable":true,"href":"https:\/\/bluemountyachting.com\/tr\/wp-json\/wp\/v2\/users\/2"}],"replies":[{"embeddable":true,"href":"https:\/\/bluemountyachting.com\/tr\/wp-json\/wp\/v2\/comments?post=2"}],"version-history":[{"count":5,"href":"https:\/\/bluemountyachting.com\/tr\/wp-json\/wp\/v2\/pages\/2\/revisions"}],"predecessor-version":[{"id":246,"href":"https:\/\/bluemountyachting.com\/tr\/wp-json\/wp\/v2\/pages\/2\/revisions\/246"}],"wp:attachment":[{"href":"https:\/\/bluemountyachting.com\/tr\/wp-json\/wp\/v2\/media?parent=2"}],"curies":[{"name":"wp","href":"https:\/\/api.w.org\/{rel}","templated":true}]}}