{"id":178,"date":"2025-01-19T10:59:25","date_gmt":"2025-01-19T09:59:25","guid":{"rendered":"https:\/\/bluemountyachting.com\/?page_id=178"},"modified":"2025-03-14T13:26:47","modified_gmt":"2025-03-14T13:26:47","slug":"yacht-maintenance-repairs","status":"publish","type":"page","link":"https:\/\/bluemountyachting.com\/tr\/our-services\/yacht-maintenance-repairs\/","title":{"rendered":"Yat Bak\u0131m\u0131 ve Onar\u0131mlar\u0131"},"content":{"rendered":"","protected":false},"excerpt":{"rendered":"","protected":false},"author":2,"featured_media":0,"parent":150,"menu_order":0,"comment_status":"closed","ping_status":"closed","template":"","meta":{"footnotes":""},"class_list":["post-178","page","type-page","status-publish","hentry"],"_links":{"self":[{"href":"https:\/\/bluemountyachting.com\/tr\/wp-json\/wp\/v2\/pages\/178","targetHints":{"allow":["GET"]}}],"collection":[{"href":"https:\/\/bluemountyachting.com\/tr\/wp-json\/wp\/v2\/pages"}],"about":[{"href":"https:\/\/bluemountyachting.com\/tr\/wp-json\/wp\/v2\/types\/page"}],"author":[{"embeddable":true,"href":"https:\/\/bluemountyachting.com\/tr\/wp-json\/wp\/v2\/users\/2"}],"replies":[{"embeddable":true,"href":"https:\/\/bluemountyachting.com\/tr\/wp-json\/wp\/v2\/comments?post=178"}],"version-history":[{"count":1,"href":"https:\/\/bluemountyachting.com\/tr\/wp-json\/wp\/v2\/pages\/178\/revisions"}],"predecessor-version":[{"id":179,"href":"https:\/\/bluemountyachting.com\/tr\/wp-json\/wp\/v2\/pages\/178\/revisions\/179"}],"up":[{"embeddable":true,"href":"https:\/\/bluemountyachting.com\/tr\/wp-json\/wp\/v2\/pages\/150"}],"wp:attachment":[{"href":"https:\/\/bluemountyachting.com\/tr\/wp-json\/wp\/v2\/media?parent=178"}],"curies":[{"name":"wp","href":"https:\/\/api.w.org\/{rel}","templated":true}]}}